{"id":50,"date":"2024-05-13T10:27:59","date_gmt":"2024-05-13T08:27:59","guid":{"rendered":"https:\/\/essyla.com\/?page_id=50"},"modified":"2026-02-20T12:57:11","modified_gmt":"2026-02-20T11:57:11","slug":"a-propos","status":"publish","type":"page","link":"https:\/\/essyla.com\/fr\/a-propos\/","title":{"rendered":"A propos"},"content":{"rendered":"\n<p><strong>ESSYLA<\/strong>&nbsp;repr\u00e9sentera la Belgique \u00e0 la 70me \u00e9dition du&nbsp;<strong>Concours Eurovision de la Chanson<\/strong>&nbsp;\u00e0 Vienne.&nbsp;<\/p>\n\n\n\n<p>Cette \u00e9dition \u00e9v\u00e8nement marquera aussi le 40 me anniversaire de la victoire de\u00a0<strong>Sandra Kim<\/strong>\u00a0en Norv\u00e8ge.<\/p>\n\n\n\n<p>R\u00e9v\u00e9l\u00e9e au grand public lors de la 9\u1d49 saison de&nbsp;<em><strong>The Voice Belgique<\/strong><\/em>, Alice est devenue&nbsp;<strong>ESSYLA<\/strong>&nbsp;(Alice \u00e0 l\u2019envers) en proposant, fin 2023, un premier EP,&nbsp;<em><strong>I\u2019ll Be Okay<\/strong><\/em>, compos\u00e9 de cinq titres pr\u00f4nant l\u2019empowerment f\u00e9minin et l\u2019estime de soi.<\/p>\n\n\n\n<p>Poursuivant son travail d\u2019\u00e9criture et de collaboration, la chanson&nbsp;<strong>DANCING ON THE ICE<\/strong>&nbsp;voit le jour lors d\u2019un camp d\u2019\u00e9criture organis\u00e9 par la&nbsp;<strong>SABAM&nbsp;<\/strong>(Soci\u00e9t\u00e9 d\u2019Auteurs Belge), r\u00e9unissant plusieurs talents \u00e9mergents. Ce titre audacieux illustre parfaitement l\u2019univers \u00e9lectro-pop sophistiqu\u00e9 dans lequel la chanteuse continue d\u2019\u00e9voluer. Co-\u00e9crites avec&nbsp;<strong>Benni<\/strong>, r\u00e9v\u00e9lation belge de la sc\u00e8ne indie-folk, les paroles portent un message positif : continuer \u00e0 danser quoi qu\u2019il arrive. La danse devient ici un acte de r\u00e9silience, m\u00eame lorsque tout vacille. L\u2019espoir survit dans le mouvement.<\/p>\n\n\n\n<p>En r\u00e9sonance, le clip*, r\u00e9alis\u00e9 par&nbsp;<strong>James Barbosa<\/strong>&nbsp;en collaboration avec le chor\u00e9graphe&nbsp;<strong>David Vandenplas<\/strong>&nbsp;et dix danseurs, met la danse \u00e0 l\u2019honneur \u00e0 travers une esth\u00e9tique sensuelle et contemporaine, o\u00f9 le corps devient le langage des \u00e9motions.<\/p>\n\n\n\n<p>Soutenue par une rythmique \u00e9lectro-pop moderne,&nbsp;<strong>DANCING ON THE ICE<\/strong>&nbsp;est le fruit du travail minutieux de&nbsp;<strong>Nicolas D\u2019Avell<\/strong>, co-compositeur (avec Essyla) et producteur artistique, qui signe une r\u00e9alisation soign\u00e9e tant dans les sonorit\u00e9s que dans le traitement des voix.&nbsp;<strong>Emil Stengele<\/strong>&nbsp;a \u00e9galement particip\u00e9 \u00e0 la composition du titre.<\/p>\n\n\n\n<p>La voix d\u2019<strong>ESSYLA<\/strong>, puissante et infiniment modulable, impressionne par sa ma\u00eetrise. Elle r\u00e9alise elle-m\u00eame ses ch\u0153urs. Ses envol\u00e9es lyriques et vocalises ponctuent le morceau&nbsp;tandis qu\u2019une surprenante touche arabisante vient ajouter une couleur unique \u00e0 la track.<\/p>\n\n\n\n<p><strong>Choisie par La&nbsp;RTBF&nbsp;(Radio-T\u00e9l\u00e9vision &#8211; m\u00e9dia de service public belge) pour la singularit\u00e9 de sa chanson, sa ma\u00eetrise vocale, l\u2019aisance de son flow et ses qualit\u00e9s naturelles sur sc\u00e8ne,&nbsp;ESSYLA&nbsp;est pr\u00eate \u00e0 vivre l\u2019aventure Eurovision, son r\u00eave depuis toujours.<\/strong><\/p>\n\n\n\n<figure class=\"wp-block-image size-large\"><img loading=\"lazy\" decoding=\"async\" width=\"1024\" height=\"439\" src=\"https:\/\/essyla.com\/wp-content\/uploads\/2026\/02\/banner_spotify_DOTI_V1-1024x439.jpg\" alt=\"\" class=\"wp-image-248\" srcset=\"https:\/\/essyla.com\/wp-content\/uploads\/2026\/02\/banner_spotify_DOTI_V1-1024x439.jpg 1024w, https:\/\/essyla.com\/wp-content\/uploads\/2026\/02\/banner_spotify_DOTI_V1-300x129.jpg 300w, https:\/\/essyla.com\/wp-content\/uploads\/2026\/02\/banner_spotify_DOTI_V1-768x329.jpg 768w, https:\/\/essyla.com\/wp-content\/uploads\/2026\/02\/banner_spotify_DOTI_V1-1536x658.jpg 1536w, https:\/\/essyla.com\/wp-content\/uploads\/2026\/02\/banner_spotify_DOTI_V1.jpg 1900w\" sizes=\"auto, (max-width: 1024px) 100vw, 1024px\" \/><\/figure>\n\n\n\n<figure class=\"wp-block-gallery has-nested-images columns-default is-cropped wp-block-gallery-1 is-layout-flex wp-block-gallery-is-layout-flex\">\n<figure class=\"wp-block-image size-full\"><a href=\"https:\/\/essyla.com\/wp-content\/uploads\/2024\/05\/Essyla_by_Sebastien_Collette_01-e1715589521150.jpg\"><img loading=\"lazy\" decoding=\"async\" width=\"1400\" height=\"1400\" data-id=\"66\" src=\"https:\/\/essyla.com\/wp-content\/uploads\/2024\/05\/Essyla_by_Sebastien_Collette_01-e1715589521150.jpg\" alt=\"\" class=\"wp-image-66\" srcset=\"https:\/\/essyla.com\/wp-content\/uploads\/2024\/05\/Essyla_by_Sebastien_Collette_01-e1715589521150.jpg 1400w, https:\/\/essyla.com\/wp-content\/uploads\/2024\/05\/Essyla_by_Sebastien_Collette_01-e1715589521150-300x300.jpg 300w, https:\/\/essyla.com\/wp-content\/uploads\/2024\/05\/Essyla_by_Sebastien_Collette_01-e1715589521150-1024x1024.jpg 1024w, https:\/\/essyla.com\/wp-content\/uploads\/2024\/05\/Essyla_by_Sebastien_Collette_01-e1715589521150-150x150.jpg 150w, https:\/\/essyla.com\/wp-content\/uploads\/2024\/05\/Essyla_by_Sebastien_Collette_01-e1715589521150-768x768.jpg 768w\" sizes=\"auto, (max-width: 1400px) 100vw, 1400px\" \/><\/a><\/figure>\n\n\n\n<figure class=\"wp-block-image size-full\"><a href=\"https:\/\/essyla.com\/wp-content\/uploads\/2024\/05\/Essyla_by_Sebastien_Collette_02-e1715589508251.jpg\"><img loading=\"lazy\" decoding=\"async\" width=\"1400\" height=\"1400\" data-id=\"67\" src=\"https:\/\/essyla.com\/wp-content\/uploads\/2024\/05\/Essyla_by_Sebastien_Collette_02-e1715589508251.jpg\" alt=\"\" class=\"wp-image-67\" srcset=\"https:\/\/essyla.com\/wp-content\/uploads\/2024\/05\/Essyla_by_Sebastien_Collette_02-e1715589508251.jpg 1400w, https:\/\/essyla.com\/wp-content\/uploads\/2024\/05\/Essyla_by_Sebastien_Collette_02-e1715589508251-300x300.jpg 300w, https:\/\/essyla.com\/wp-content\/uploads\/2024\/05\/Essyla_by_Sebastien_Collette_02-e1715589508251-1024x1024.jpg 1024w, https:\/\/essyla.com\/wp-content\/uploads\/2024\/05\/Essyla_by_Sebastien_Collette_02-e1715589508251-150x150.jpg 150w, https:\/\/essyla.com\/wp-content\/uploads\/2024\/05\/Essyla_by_Sebastien_Collette_02-e1715589508251-768x768.jpg 768w\" sizes=\"auto, (max-width: 1400px) 100vw, 1400px\" \/><\/a><\/figure>\n\n\n\n<figure class=\"wp-block-image size-full\"><a href=\"https:\/\/essyla.com\/wp-content\/uploads\/2024\/05\/Essyla_by_Sebastien_Collette_03-e1715589495572.jpg\"><img loading=\"lazy\" decoding=\"async\" width=\"1400\" height=\"1400\" data-id=\"68\" src=\"https:\/\/essyla.com\/wp-content\/uploads\/2024\/05\/Essyla_by_Sebastien_Collette_03-e1715589495572.jpg\" alt=\"\" class=\"wp-image-68\" srcset=\"https:\/\/essyla.com\/wp-content\/uploads\/2024\/05\/Essyla_by_Sebastien_Collette_03-e1715589495572.jpg 1400w, https:\/\/essyla.com\/wp-content\/uploads\/2024\/05\/Essyla_by_Sebastien_Collette_03-e1715589495572-300x300.jpg 300w, https:\/\/essyla.com\/wp-content\/uploads\/2024\/05\/Essyla_by_Sebastien_Collette_03-e1715589495572-1024x1024.jpg 1024w, https:\/\/essyla.com\/wp-content\/uploads\/2024\/05\/Essyla_by_Sebastien_Collette_03-e1715589495572-150x150.jpg 150w, https:\/\/essyla.com\/wp-content\/uploads\/2024\/05\/Essyla_by_Sebastien_Collette_03-e1715589495572-768x768.jpg 768w\" sizes=\"auto, (max-width: 1400px) 100vw, 1400px\" \/><\/a><\/figure>\n\n\n\n<figure class=\"wp-block-image size-full\"><a href=\"https:\/\/essyla.com\/wp-content\/uploads\/2024\/05\/Essyla_by_Nanoi-Alloo_01.jpg\"><img loading=\"lazy\" decoding=\"async\" width=\"1900\" height=\"1267\" data-id=\"65\" src=\"https:\/\/essyla.com\/wp-content\/uploads\/2024\/05\/Essyla_by_Nanoi-Alloo_01.jpg\" alt=\"\" class=\"wp-image-65\" srcset=\"https:\/\/essyla.com\/wp-content\/uploads\/2024\/05\/Essyla_by_Nanoi-Alloo_01.jpg 1900w, https:\/\/essyla.com\/wp-content\/uploads\/2024\/05\/Essyla_by_Nanoi-Alloo_01-300x200.jpg 300w, https:\/\/essyla.com\/wp-content\/uploads\/2024\/05\/Essyla_by_Nanoi-Alloo_01-1024x683.jpg 1024w, https:\/\/essyla.com\/wp-content\/uploads\/2024\/05\/Essyla_by_Nanoi-Alloo_01-768x512.jpg 768w, https:\/\/essyla.com\/wp-content\/uploads\/2024\/05\/Essyla_by_Nanoi-Alloo_01-1536x1024.jpg 1536w\" sizes=\"auto, (max-width: 1900px) 100vw, 1900px\" \/><\/a><\/figure>\n\n\n\n<figure class=\"wp-block-image size-full\"><a href=\"https:\/\/essyla.com\/wp-content\/uploads\/2024\/05\/Essyla_by_Nanoi-Allo_04.jpg\"><img loading=\"lazy\" decoding=\"async\" width=\"933\" height=\"1400\" data-id=\"64\" src=\"https:\/\/essyla.com\/wp-content\/uploads\/2024\/05\/Essyla_by_Nanoi-Allo_04.jpg\" alt=\"\" class=\"wp-image-64\" srcset=\"https:\/\/essyla.com\/wp-content\/uploads\/2024\/05\/Essyla_by_Nanoi-Allo_04.jpg 933w, https:\/\/essyla.com\/wp-content\/uploads\/2024\/05\/Essyla_by_Nanoi-Allo_04-200x300.jpg 200w, https:\/\/essyla.com\/wp-content\/uploads\/2024\/05\/Essyla_by_Nanoi-Allo_04-682x1024.jpg 682w, https:\/\/essyla.com\/wp-content\/uploads\/2024\/05\/Essyla_by_Nanoi-Allo_04-768x1152.jpg 768w\" sizes=\"auto, (max-width: 933px) 100vw, 933px\" \/><\/a><\/figure>\n\n\n\n<figure class=\"wp-block-image size-full\"><a href=\"https:\/\/essyla.com\/wp-content\/uploads\/2024\/05\/Essyla_by_Nanoi-Allo_03.jpg\"><img loading=\"lazy\" decoding=\"async\" width=\"933\" height=\"1400\" data-id=\"63\" src=\"https:\/\/essyla.com\/wp-content\/uploads\/2024\/05\/Essyla_by_Nanoi-Allo_03.jpg\" alt=\"\" class=\"wp-image-63\" srcset=\"https:\/\/essyla.com\/wp-content\/uploads\/2024\/05\/Essyla_by_Nanoi-Allo_03.jpg 933w, https:\/\/essyla.com\/wp-content\/uploads\/2024\/05\/Essyla_by_Nanoi-Allo_03-200x300.jpg 200w, https:\/\/essyla.com\/wp-content\/uploads\/2024\/05\/Essyla_by_Nanoi-Allo_03-682x1024.jpg 682w, https:\/\/essyla.com\/wp-content\/uploads\/2024\/05\/Essyla_by_Nanoi-Allo_03-768x1152.jpg 768w\" sizes=\"auto, (max-width: 933px) 100vw, 933px\" \/><\/a><\/figure>\n\n\n\n<figure class=\"wp-block-image size-full\"><a href=\"https:\/\/essyla.com\/wp-content\/uploads\/2024\/05\/Essyla_by_Nanoi-Allo_02.jpg\"><img loading=\"lazy\" decoding=\"async\" width=\"957\" height=\"1400\" data-id=\"62\" src=\"https:\/\/essyla.com\/wp-content\/uploads\/2024\/05\/Essyla_by_Nanoi-Allo_02.jpg\" alt=\"\" class=\"wp-image-62\" srcset=\"https:\/\/essyla.com\/wp-content\/uploads\/2024\/05\/Essyla_by_Nanoi-Allo_02.jpg 957w, https:\/\/essyla.com\/wp-content\/uploads\/2024\/05\/Essyla_by_Nanoi-Allo_02-205x300.jpg 205w, https:\/\/essyla.com\/wp-content\/uploads\/2024\/05\/Essyla_by_Nanoi-Allo_02-700x1024.jpg 700w, https:\/\/essyla.com\/wp-content\/uploads\/2024\/05\/Essyla_by_Nanoi-Allo_02-768x1124.jpg 768w\" sizes=\"auto, (max-width: 957px) 100vw, 957px\" \/><\/a><\/figure>\n\n\n\n<figure class=\"wp-block-image size-full\"><a href=\"https:\/\/essyla.com\/wp-content\/uploads\/2024\/05\/Essyla_by_Mouss-photography.jpg\"><img loading=\"lazy\" decoding=\"async\" width=\"1120\" height=\"1400\" data-id=\"61\" src=\"https:\/\/essyla.com\/wp-content\/uploads\/2024\/05\/Essyla_by_Mouss-photography.jpg\" alt=\"\" class=\"wp-image-61\" srcset=\"https:\/\/essyla.com\/wp-content\/uploads\/2024\/05\/Essyla_by_Mouss-photography.jpg 1120w, https:\/\/essyla.com\/wp-content\/uploads\/2024\/05\/Essyla_by_Mouss-photography-240x300.jpg 240w, https:\/\/essyla.com\/wp-content\/uploads\/2024\/05\/Essyla_by_Mouss-photography-819x1024.jpg 819w, https:\/\/essyla.com\/wp-content\/uploads\/2024\/05\/Essyla_by_Mouss-photography-768x960.jpg 768w\" sizes=\"auto, (max-width: 1120px) 100vw, 1120px\" \/><\/a><\/figure>\n\n\n\n<figure class=\"wp-block-image size-full\"><a href=\"https:\/\/essyla.com\/wp-content\/uploads\/2024\/05\/Essyla_by_Maelle_Laduron_Shootvous.jpg\"><img loading=\"lazy\" decoding=\"async\" width=\"1119\" height=\"1400\" data-id=\"60\" src=\"https:\/\/essyla.com\/wp-content\/uploads\/2024\/05\/Essyla_by_Maelle_Laduron_Shootvous.jpg\" alt=\"\" class=\"wp-image-60\" srcset=\"https:\/\/essyla.com\/wp-content\/uploads\/2024\/05\/Essyla_by_Maelle_Laduron_Shootvous.jpg 1119w, https:\/\/essyla.com\/wp-content\/uploads\/2024\/05\/Essyla_by_Maelle_Laduron_Shootvous-240x300.jpg 240w, https:\/\/essyla.com\/wp-content\/uploads\/2024\/05\/Essyla_by_Maelle_Laduron_Shootvous-818x1024.jpg 818w, https:\/\/essyla.com\/wp-content\/uploads\/2024\/05\/Essyla_by_Maelle_Laduron_Shootvous-768x961.jpg 768w\" sizes=\"auto, (max-width: 1119px) 100vw, 1119px\" \/><\/a><\/figure>\n\n\n\n<figure class=\"wp-block-image size-full\"><a href=\"https:\/\/essyla.com\/wp-content\/uploads\/2024\/05\/Essyla_by_Leny-Magoufakis_02.jpg\"><img loading=\"lazy\" decoding=\"async\" width=\"933\" height=\"1400\" data-id=\"59\" src=\"https:\/\/essyla.com\/wp-content\/uploads\/2024\/05\/Essyla_by_Leny-Magoufakis_02.jpg\" alt=\"\" class=\"wp-image-59\" srcset=\"https:\/\/essyla.com\/wp-content\/uploads\/2024\/05\/Essyla_by_Leny-Magoufakis_02.jpg 933w, https:\/\/essyla.com\/wp-content\/uploads\/2024\/05\/Essyla_by_Leny-Magoufakis_02-200x300.jpg 200w, https:\/\/essyla.com\/wp-content\/uploads\/2024\/05\/Essyla_by_Leny-Magoufakis_02-682x1024.jpg 682w, https:\/\/essyla.com\/wp-content\/uploads\/2024\/05\/Essyla_by_Leny-Magoufakis_02-768x1152.jpg 768w\" sizes=\"auto, (max-width: 933px) 100vw, 933px\" \/><\/a><\/figure>\n\n\n\n<figure class=\"wp-block-image size-full\"><a href=\"https:\/\/essyla.com\/wp-content\/uploads\/2024\/05\/Essyla_by_Leny-Magoufakis_01.jpg\"><img loading=\"lazy\" decoding=\"async\" width=\"933\" height=\"1400\" data-id=\"58\" src=\"https:\/\/essyla.com\/wp-content\/uploads\/2024\/05\/Essyla_by_Leny-Magoufakis_01.jpg\" alt=\"\" class=\"wp-image-58\" srcset=\"https:\/\/essyla.com\/wp-content\/uploads\/2024\/05\/Essyla_by_Leny-Magoufakis_01.jpg 933w, https:\/\/essyla.com\/wp-content\/uploads\/2024\/05\/Essyla_by_Leny-Magoufakis_01-200x300.jpg 200w, https:\/\/essyla.com\/wp-content\/uploads\/2024\/05\/Essyla_by_Leny-Magoufakis_01-682x1024.jpg 682w, https:\/\/essyla.com\/wp-content\/uploads\/2024\/05\/Essyla_by_Leny-Magoufakis_01-768x1152.jpg 768w\" sizes=\"auto, (max-width: 933px) 100vw, 933px\" \/><\/a><\/figure>\n<\/figure>\n\n\n\n<h2 class=\"wp-block-heading\">Concerts<\/h2>\n\n\n\n<p>12 mai : 1\u00e8re demi-finale de l&rsquo;Eurovision \u00e0 Vienne<\/p>\n\n\n\n","protected":false},"excerpt":{"rendered":"<p>ESSYLA&nbsp;repr\u00e9sentera la Belgique \u00e0 la 70me \u00e9dition du&nbsp;Concours Eurovision de la Chanson&nbsp;\u00e0 Vienne.&nbsp; Cette \u00e9dition \u00e9v\u00e8nement&#8230; <span class=\"moreLink\"><a href=\"https:\/\/essyla.com\/fr\/a-propos\/\">+<\/a><\/span><\/p>\n","protected":false},"author":1,"featured_media":149,"parent":0,"menu_order":0,"comment_status":"closed","ping_status":"closed","template":"","meta":{"_acf_changed":false,"footnotes":""},"categories":[],"class_list":["post-50","page","type-page","status-publish","has-post-thumbnail","hentry"],"acf":[],"yoast_head":"<!-- This site is optimized with the Yoast SEO plugin v27.5 - https:\/\/yoast.com\/product\/yoast-seo-wordpress\/ -->\n<title>A propos - Essyla<\/title>\n<meta name=\"robots\" content=\"index, follow, max-snippet:-1, max-image-preview:large, max-video-preview:-1\" \/>\n<link rel=\"canonical\" href=\"https:\/\/essyla.com\/fr\/a-propos\/\" \/>\n<meta property=\"og:locale\" content=\"fr_FR\" \/>\n<meta property=\"og:type\" content=\"article\" \/>\n<meta property=\"og:title\" content=\"A propos - Essyla\" \/>\n<meta property=\"og:description\" content=\"ESSYLA&nbsp;repr\u00e9sentera la Belgique \u00e0 la 70me \u00e9dition du&nbsp;Concours Eurovision de la Chanson&nbsp;\u00e0 Vienne.&nbsp; Cette \u00e9dition \u00e9v\u00e8nement... +\" \/>\n<meta property=\"og:url\" content=\"https:\/\/essyla.com\/fr\/a-propos\/\" \/>\n<meta property=\"og:site_name\" content=\"Essyla\" \/>\n<meta property=\"article:publisher\" content=\"https:\/\/www.facebook.com\/essylaoff\" \/>\n<meta property=\"article:modified_time\" content=\"2026-02-20T11:57:11+00:00\" \/>\n<meta property=\"og:image\" content=\"https:\/\/essyla.com\/wp-content\/uploads\/2024\/05\/Essyla_gros-plan-03.jpg\" \/>\n\t<meta property=\"og:image:width\" content=\"1900\" \/>\n\t<meta property=\"og:image:height\" content=\"1258\" \/>\n\t<meta property=\"og:image:type\" content=\"image\/jpeg\" \/>\n<meta name=\"twitter:card\" content=\"summary_large_image\" \/>\n<meta name=\"twitter:label1\" content=\"Dur\u00e9e de lecture estim\u00e9e\" \/>\n\t<meta name=\"twitter:data1\" content=\"5 minutes\" \/>\n<script type=\"application\/ld+json\" class=\"yoast-schema-graph\">{\"@context\":\"https:\\\/\\\/schema.org\",\"@graph\":[{\"@type\":\"WebPage\",\"@id\":\"https:\\\/\\\/essyla.com\\\/fr\\\/a-propos\\\/\",\"url\":\"https:\\\/\\\/essyla.com\\\/fr\\\/a-propos\\\/\",\"name\":\"A propos - Essyla\",\"isPartOf\":{\"@id\":\"https:\\\/\\\/essyla.com\\\/fr\\\/#website\"},\"primaryImageOfPage\":{\"@id\":\"https:\\\/\\\/essyla.com\\\/fr\\\/a-propos\\\/#primaryimage\"},\"image\":{\"@id\":\"https:\\\/\\\/essyla.com\\\/fr\\\/a-propos\\\/#primaryimage\"},\"thumbnailUrl\":\"https:\\\/\\\/essyla.com\\\/wp-content\\\/uploads\\\/2024\\\/05\\\/Essyla_gros-plan-03.jpg\",\"datePublished\":\"2024-05-13T08:27:59+00:00\",\"dateModified\":\"2026-02-20T11:57:11+00:00\",\"breadcrumb\":{\"@id\":\"https:\\\/\\\/essyla.com\\\/fr\\\/a-propos\\\/#breadcrumb\"},\"inLanguage\":\"fr-FR\",\"potentialAction\":[{\"@type\":\"ReadAction\",\"target\":[\"https:\\\/\\\/essyla.com\\\/fr\\\/a-propos\\\/\"]}]},{\"@type\":\"ImageObject\",\"inLanguage\":\"fr-FR\",\"@id\":\"https:\\\/\\\/essyla.com\\\/fr\\\/a-propos\\\/#primaryimage\",\"url\":\"https:\\\/\\\/essyla.com\\\/wp-content\\\/uploads\\\/2024\\\/05\\\/Essyla_gros-plan-03.jpg\",\"contentUrl\":\"https:\\\/\\\/essyla.com\\\/wp-content\\\/uploads\\\/2024\\\/05\\\/Essyla_gros-plan-03.jpg\",\"width\":1900,\"height\":1258},{\"@type\":\"BreadcrumbList\",\"@id\":\"https:\\\/\\\/essyla.com\\\/fr\\\/a-propos\\\/#breadcrumb\",\"itemListElement\":[{\"@type\":\"ListItem\",\"position\":1,\"name\":\"Accueil\",\"item\":\"https:\\\/\\\/essyla.com\\\/fr\\\/\"},{\"@type\":\"ListItem\",\"position\":2,\"name\":\"A propos\"}]},{\"@type\":\"WebSite\",\"@id\":\"https:\\\/\\\/essyla.com\\\/fr\\\/#website\",\"url\":\"https:\\\/\\\/essyla.com\\\/fr\\\/\",\"name\":\"Essyla\",\"description\":\"\",\"publisher\":{\"@id\":\"https:\\\/\\\/essyla.com\\\/fr\\\/#organization\"},\"potentialAction\":[{\"@type\":\"SearchAction\",\"target\":{\"@type\":\"EntryPoint\",\"urlTemplate\":\"https:\\\/\\\/essyla.com\\\/fr\\\/?s={search_term_string}\"},\"query-input\":{\"@type\":\"PropertyValueSpecification\",\"valueRequired\":true,\"valueName\":\"search_term_string\"}}],\"inLanguage\":\"fr-FR\"},{\"@type\":\"Organization\",\"@id\":\"https:\\\/\\\/essyla.com\\\/fr\\\/#organization\",\"name\":\"Essyla\",\"url\":\"https:\\\/\\\/essyla.com\\\/fr\\\/\",\"logo\":{\"@type\":\"ImageObject\",\"inLanguage\":\"fr-FR\",\"@id\":\"https:\\\/\\\/essyla.com\\\/fr\\\/#\\\/schema\\\/logo\\\/image\\\/\",\"url\":\"https:\\\/\\\/essyla.com\\\/wp-content\\\/uploads\\\/2024\\\/05\\\/Essyla-logo-black.png\",\"contentUrl\":\"https:\\\/\\\/essyla.com\\\/wp-content\\\/uploads\\\/2024\\\/05\\\/Essyla-logo-black.png\",\"width\":300,\"height\":82,\"caption\":\"Essyla\"},\"image\":{\"@id\":\"https:\\\/\\\/essyla.com\\\/fr\\\/#\\\/schema\\\/logo\\\/image\\\/\"},\"sameAs\":[\"https:\\\/\\\/www.facebook.com\\\/essylaoff\",\"https:\\\/\\\/www.instagram.com\\\/essylaoff\\\/\",\"https:\\\/\\\/www.tiktok.com\\\/@essylaoff\",\"https:\\\/\\\/www.youtube.com\\\/@Essyla\"]}]}<\/script>\n<!-- \/ Yoast SEO plugin. -->","yoast_head_json":{"title":"A propos - Essyla","robots":{"index":"index","follow":"follow","max-snippet":"max-snippet:-1","max-image-preview":"max-image-preview:large","max-video-preview":"max-video-preview:-1"},"canonical":"https:\/\/essyla.com\/fr\/a-propos\/","og_locale":"fr_FR","og_type":"article","og_title":"A propos - Essyla","og_description":"ESSYLA&nbsp;repr\u00e9sentera la Belgique \u00e0 la 70me \u00e9dition du&nbsp;Concours Eurovision de la Chanson&nbsp;\u00e0 Vienne.&nbsp; Cette \u00e9dition \u00e9v\u00e8nement... +","og_url":"https:\/\/essyla.com\/fr\/a-propos\/","og_site_name":"Essyla","article_publisher":"https:\/\/www.facebook.com\/essylaoff","article_modified_time":"2026-02-20T11:57:11+00:00","og_image":[{"width":1900,"height":1258,"url":"https:\/\/essyla.com\/wp-content\/uploads\/2024\/05\/Essyla_gros-plan-03.jpg","type":"image\/jpeg"}],"twitter_card":"summary_large_image","twitter_misc":{"Dur\u00e9e de lecture estim\u00e9e":"5 minutes"},"schema":{"@context":"https:\/\/schema.org","@graph":[{"@type":"WebPage","@id":"https:\/\/essyla.com\/fr\/a-propos\/","url":"https:\/\/essyla.com\/fr\/a-propos\/","name":"A propos - Essyla","isPartOf":{"@id":"https:\/\/essyla.com\/fr\/#website"},"primaryImageOfPage":{"@id":"https:\/\/essyla.com\/fr\/a-propos\/#primaryimage"},"image":{"@id":"https:\/\/essyla.com\/fr\/a-propos\/#primaryimage"},"thumbnailUrl":"https:\/\/essyla.com\/wp-content\/uploads\/2024\/05\/Essyla_gros-plan-03.jpg","datePublished":"2024-05-13T08:27:59+00:00","dateModified":"2026-02-20T11:57:11+00:00","breadcrumb":{"@id":"https:\/\/essyla.com\/fr\/a-propos\/#breadcrumb"},"inLanguage":"fr-FR","potentialAction":[{"@type":"ReadAction","target":["https:\/\/essyla.com\/fr\/a-propos\/"]}]},{"@type":"ImageObject","inLanguage":"fr-FR","@id":"https:\/\/essyla.com\/fr\/a-propos\/#primaryimage","url":"https:\/\/essyla.com\/wp-content\/uploads\/2024\/05\/Essyla_gros-plan-03.jpg","contentUrl":"https:\/\/essyla.com\/wp-content\/uploads\/2024\/05\/Essyla_gros-plan-03.jpg","width":1900,"height":1258},{"@type":"BreadcrumbList","@id":"https:\/\/essyla.com\/fr\/a-propos\/#breadcrumb","itemListElement":[{"@type":"ListItem","position":1,"name":"Accueil","item":"https:\/\/essyla.com\/fr\/"},{"@type":"ListItem","position":2,"name":"A propos"}]},{"@type":"WebSite","@id":"https:\/\/essyla.com\/fr\/#website","url":"https:\/\/essyla.com\/fr\/","name":"Essyla","description":"","publisher":{"@id":"https:\/\/essyla.com\/fr\/#organization"},"potentialAction":[{"@type":"SearchAction","target":{"@type":"EntryPoint","urlTemplate":"https:\/\/essyla.com\/fr\/?s={search_term_string}"},"query-input":{"@type":"PropertyValueSpecification","valueRequired":true,"valueName":"search_term_string"}}],"inLanguage":"fr-FR"},{"@type":"Organization","@id":"https:\/\/essyla.com\/fr\/#organization","name":"Essyla","url":"https:\/\/essyla.com\/fr\/","logo":{"@type":"ImageObject","inLanguage":"fr-FR","@id":"https:\/\/essyla.com\/fr\/#\/schema\/logo\/image\/","url":"https:\/\/essyla.com\/wp-content\/uploads\/2024\/05\/Essyla-logo-black.png","contentUrl":"https:\/\/essyla.com\/wp-content\/uploads\/2024\/05\/Essyla-logo-black.png","width":300,"height":82,"caption":"Essyla"},"image":{"@id":"https:\/\/essyla.com\/fr\/#\/schema\/logo\/image\/"},"sameAs":["https:\/\/www.facebook.com\/essylaoff","https:\/\/www.instagram.com\/essylaoff\/","https:\/\/www.tiktok.com\/@essylaoff","https:\/\/www.youtube.com\/@Essyla"]}]}},"_links":{"self":[{"href":"https:\/\/essyla.com\/fr\/wp-json\/wp\/v2\/pages\/50","targetHints":{"allow":["GET"]}}],"collection":[{"href":"https:\/\/essyla.com\/fr\/wp-json\/wp\/v2\/pages"}],"about":[{"href":"https:\/\/essyla.com\/fr\/wp-json\/wp\/v2\/types\/page"}],"author":[{"embeddable":true,"href":"https:\/\/essyla.com\/fr\/wp-json\/wp\/v2\/users\/1"}],"replies":[{"embeddable":true,"href":"https:\/\/essyla.com\/fr\/wp-json\/wp\/v2\/comments?post=50"}],"version-history":[{"count":4,"href":"https:\/\/essyla.com\/fr\/wp-json\/wp\/v2\/pages\/50\/revisions"}],"predecessor-version":[{"id":280,"href":"https:\/\/essyla.com\/fr\/wp-json\/wp\/v2\/pages\/50\/revisions\/280"}],"wp:featuredmedia":[{"embeddable":true,"href":"https:\/\/essyla.com\/fr\/wp-json\/wp\/v2\/media\/149"}],"wp:attachment":[{"href":"https:\/\/essyla.com\/fr\/wp-json\/wp\/v2\/media?parent=50"}],"wp:term":[{"taxonomy":"category","embeddable":true,"href":"https:\/\/essyla.com\/fr\/wp-json\/wp\/v2\/categories?post=50"}],"curies":[{"name":"wp","href":"https:\/\/api.w.org\/{rel}","templated":true}]}}